{"id":3,"date":"2021-05-26T16:25:08","date_gmt":"2021-05-26T16:25:08","guid":{"rendered":"https:\/\/grupohada.org\/?page_id=3"},"modified":"2021-06-05T17:05:22","modified_gmt":"2021-06-05T17:05:22","slug":"privacy-policy","status":"publish","type":"page","link":"https:\/\/grupohada.org\/?page_id=3","title":{"rendered":"Privacy Policy"},"content":{"rendered":"<p>[et_pb_section fb_built=\u00bb1&#8243; admin_label=\u00bbsection\u00bb _builder_version=\u00bb3.22&#8243;][et_pb_row admin_label=\u00bbrow\u00bb _builder_version=\u00bb3.25&#8243; background_size=\u00bbinitial\u00bb background_position=\u00bbtop_left\u00bb background_repeat=\u00bbrepeat\u00bb][et_pb_column type=\u00bb4_4&#8243; _builder_version=\u00bb3.25&#8243; custom_padding=\u00bb|||\u00bb custom_padding__hover=\u00bb|||\u00bb][et_pb_text admin_label=\u00bbText\u00bb _builder_version=\u00bb3.27.4&#8243; background_size=\u00bbinitial\u00bb background_position=\u00bbtop_left\u00bb background_repeat=\u00bbrepeat\u00bb]<\/p>\n<h1><span style=\"color: #9b8eb8;\"><strong>Pol\u00edtica de privacidad<\/strong><\/span><\/h1>\n<p><span style=\"color: #9b8eb8;\"><strong><\/strong><\/span><\/p>\n<p><span style=\"color: #9b8eb8;\"><strong><\/strong><\/span><\/p>\n<p>EL TITULAR se compromete a proteger la privacidad de los usuarios que accedan a esta web y\/o cualquiera de sus servicios. La utilizaci\u00f3n de la web y\/o de cualquiera de los servicios ofrecidos por EL TITULAR implica la aceptaci\u00f3n por el usuario de las disposiciones contenidas en la presente Pol\u00edtica de Privacidad y que sus datos personales sean tratados seg\u00fan se estipula en ella. Por favor, tenga en cuenta que a pesar de que pueda haber enlaces de nuestra web a otras webs o redes sociales, esta Pol\u00edtica de Privacidad no se aplica a las webs de otras compa\u00f1\u00edas u organizaciones a las que la web est\u00e9 redirigida. EL TITULAR no controla el contenido de las webs de terceros, ni acepta cualquier responsabilidad por el contenido o las pol\u00edticas de privacidad de estas webs.<\/p>\n<p class=\" text-bold  \">Informaci\u00f3n b\u00e1sica sobre el tratamiento de datos (Reglamento (UE) 2016\/679 y LO 3\/2018)<\/p>\n<table>\n<tbody>\n<tr>\n<td>Responsable del tratamiento<\/td>\n<td>EL TITULAR.<br \/>Nuestros datos figuran en el<span>\u00a0<\/span><a href=\"https:\/\/www.grupohada.org\/es\/aviso-legal\/\" target=\"blank\" rel=\"noopener\">aviso legal<\/a><span>\u00a0<\/span>de esta web.<\/td>\n<\/tr>\n<tr>\n<td>Finalidad del tratamiento<\/td>\n<td>Ofrecer y gestionar nuestros productos i\/o servicios.<\/td>\n<\/tr>\n<tr>\n<td>Legitimaci\u00f3n<\/td>\n<td>Consentimiento obtenido del interesado. Ejecuci\u00f3n del contrato de servicios.<\/td>\n<\/tr>\n<tr>\n<td>Destinatarios<\/td>\n<td>Los datos no ser\u00e1n comunicados a terceros, salvo que lo exija una Ley o sea necesario para cumplir con la finalidad del tratamiento.<\/td>\n<\/tr>\n<tr>\n<td>Derechos de las personas<\/td>\n<td>Los interesados tienen derecho a ejercer los derechos de acceso, rectificaci\u00f3n, limitaci\u00f3n de tratamiento, supresi\u00f3n, portabilidad y oposici\u00f3n, enviando su solicitud a nuestra direcci\u00f3n.<\/td>\n<\/tr>\n<tr>\n<td>Plazo de conservaci\u00f3n de los datos<\/td>\n<td>Mientras se mantenga la relaci\u00f3n comercial o durante los a\u00f1os necesarios para cumplir con las obligaciones legales.<\/td>\n<\/tr>\n<tr>\n<td>Reclamaci\u00f3n<\/td>\n<td>Los interesados pueden dirigirse a la AEPD para presentar la reclamaci\u00f3n que considere oportuna.<\/td>\n<\/tr>\n<tr>\n<td>Informaci\u00f3n adicional<\/td>\n<td>Puede consultar la informaci\u00f3n adicional y detallada a continuaci\u00f3n en las \u201cPreguntas sobre privacidad\u201d.<\/td>\n<\/tr>\n<\/tbody>\n<\/table>\n<p class=\"titol text-bold text-uppercase \">PREGUNTAS SOBRE PRIVACIDAD<\/p>\n<p>En cumplimiento del Reglamento (UE) 2016\/679 del Parlamento Europeo y del Consejo, de 27 de abril de 2016, (RGPD), y la Ley Org\u00e1nica 3\/2018, de 5 de diciembre, de Protecci\u00f3n de Datos Personales y garant\u00eda de los derechos digitales (LOPDGDD le ofrecemos la siguiente informaci\u00f3n sobre el tratamiento de sus datos personales:<\/p>\n<p class=\" text-bold  \">\u00bfQui\u00e9n es el responsable del tratamiento de sus datos?<\/p>\n<p>EL TITULAR.<br \/>Nuestros datos figuran en el<span>\u00a0<\/span><a href=\"https:\/\/www.grupohada.org\/es\/aviso-legal\/\" target=\"blank\" rel=\"noopener\">aviso legal<\/a><span>\u00a0<\/span>de esta web.<\/p>\n<p class=\" text-bold  \">\u00bfCon qu\u00e9 finalidad tratamos sus datos personales?<\/p>\n<ul class=\"\">\n<li>\n<div class=\"cont\">\n<p>Tratamos la informaci\u00f3n que se nos facilita para prestar y facturar nuestros servicios y productos.<\/p>\n<\/div>\n<\/li>\n<li>\n<div class=\"cont\">\n<p>Si nos da su consentimiento tambi\u00e9n podremos tratar sus datos para enviarle informaci\u00f3n sobre nuestras actividades, servicios y productos.<\/p>\n<\/div>\n<\/li>\n<li>\n<div class=\"cont\">\n<p>Si participa en alguno de nuestros sorteos y\/o concursos publicaremos su nombre y apellidos, y su imagen, en los diferentes espacios y medios de comunicaci\u00f3n y difusi\u00f3n que utilizamos, incluidas las redes sociales, con el fin de promocionar nuestras actividades, servicios y productos.<\/p>\n<\/div>\n<\/li>\n<\/ul>\n<p class=\" text-bold  \">\u00bfCu\u00e1nto tiempo conservaremos sus datos?<\/p>\n<p>Los datos personales proporcionados se conservar\u00e1n mientras sea usuario de nuestros servicios o quiera recibir informaci\u00f3n, y si participa en una promoci\u00f3n mientras est\u00e9 activa, y luego, durante los plazos establecidos para cumplir con nuestras obligaciones legales.<\/p>\n<p class=\" text-bold  \">\u00bfCu\u00e1l es la legitimaci\u00f3n para el tratamiento de sus datos?<\/p>\n<p>La base legal para los tratamientos de sus datos son los consentimientos que nos da.<\/p>\n<p>Respecto a la informaci\u00f3n que nos sea enviada por menores de 16 a\u00f1os, se entender\u00e1 que lo ha sido con el consentimiento de sus representantes legales. Si no es as\u00ed, el representante legal del menor nos lo tiene que comunicar tan pronto como tenga conocimiento.<\/p>\n<p class=\" text-bold  \">\u00bfA qu\u00e9 destinatarios se comunicar\u00e1n sus datos?<\/p>\n<p>Los datos no ser\u00e1n comunicados a terceros, salvo que lo exija una Ley o sea necesario para cumplir con la finalidad del tratamiento.<\/p>\n<p class=\" text-bold  \">\u00bfCu\u00e1les son sus derechos cuando nos facilita sus datos?<\/p>\n<ul class=\"\">\n<li>\n<div class=\"cont\">\n<p>Cualquier persona tiene derecho a obtener confirmaci\u00f3n sobre si estamos tratando o no sus datos personales.<\/p>\n<\/div>\n<\/li>\n<li>\n<div class=\"cont\">\n<p>Los interesados tienen derecho a acceder a sus datos personales, as\u00ed como a solicitar la rectificaci\u00f3n de los datos inexactos o, en su caso, solicitar su supresi\u00f3n cuando, entre otros motivos, los datos ya no sean necesarios para las finalidades para las que se recogieron.<\/p>\n<\/div>\n<\/li>\n<li>\n<div class=\"cont\">\n<p>En determinadas circunstancias los interesados podr\u00e1n solicitar la limitaci\u00f3n del tratamiento de sus datos, en este caso \u00fanicamente los conservaremos para el ejercicio o la defensa de reclamaciones.<\/p>\n<\/div>\n<\/li>\n<li>\n<div class=\"cont\">\n<p>Tambi\u00e9n, en determinadas circunstancias y por motivos relacionados con su situaci\u00f3n particular, los interesados pueden oponerse al tratamiento de sus datos.<\/p>\n<\/div>\n<\/li>\n<li>\n<div class=\"cont\">\n<p>Los interesados tambi\u00e9n tienen derecho a la portabilidad de sus datos.<\/p>\n<\/div>\n<\/li>\n<li>\n<div class=\"cont\">\n<p>Finalmente, los interesados tienen derecho a presentar una reclamaci\u00f3n ante la Autoridad de Control competente.<\/p>\n<\/div>\n<\/li>\n<\/ul>\n<p class=\" text-bold  \">\u00bfC\u00f3mo puede ejercer sus derechos?<\/p>\n<p>Enviando un escrito adjuntando una copia de un documento que lo identifique, a nuestra direcci\u00f3n f\u00edsica o electr\u00f3nica.<\/p>\n<p class=\" text-bold  \">\u00bfC\u00f3mo hemos obtenido sus datos?<\/p>\n<p>Los datos personales que tratamos proceden del propio interesado. El interesado garantiza que los datos personales facilitados son ciertos y se hace responsable de comunicar cualquier modificaci\u00f3n de estos. Los datos que est\u00e9n marcados con un asterisco ser\u00e1n obligatorios para poder darle el servicio solicitado.<\/p>\n<p class=\" text-bold  \">\u00bfQu\u00e9 datos tratamos?<\/p>\n<p>Las categor\u00edas de datos que podemos tratar en la prestaci\u00f3n de nuestros servicios son:<\/p>\n<ul class=\"\">\n<li>\n<div class=\"cont\">\n<p>Datos de car\u00e1cter identificativo<\/p>\n<\/div>\n<\/li>\n<li>\n<div class=\"cont\">\n<p>Direcciones postales o electr\u00f3nicas<\/p>\n<\/div>\n<\/li>\n<li>\n<div class=\"cont\">\n<p>Otros datos solicitados en nuestros formularios<\/p>\n<\/div>\n<\/li>\n<\/ul>\n<p>Los datos son limitados, dado que \u00fanicamente tratamos los datos necesarios para la prestaci\u00f3n de nuestros servicios y la gesti\u00f3n de nuestra actividad.<\/p>\n<p class=\" text-bold  \">\u00bfUsamos cookies?<\/p>\n<p>Utilizamos cookies durante la navegaci\u00f3n en nuestra web con el consentimiento informado del usuario. El usuario puede configurar su navegador para ser avisado de la utilizaci\u00f3n de cookies y para evitar su uso. Para obtener m\u00e1s informaci\u00f3n visite nuestra<span>\u00a0<\/span><a href=\"https:\/\/www.grupohada.org\/es\/politica-de-cookies\/\" target=\"blank\" rel=\"noopener\">pol\u00edtica de cookies<\/a>.<\/p>\n<p class=\" text-bold  \">\u00bfQu\u00e9 medidas de seguridad aplicamos?<\/p>\n<p>Aplicamos las medidas de seguridad establecidas en el art\u00edculo 32 del RGPD, por tanto, hemos adoptado las medidas de seguridad necesarias para garantizar un nivel de seguridad adecuado al riesgo del tratamiento de datos que realizamos, con mecanismos que nos permiten garantizar la confidencialidad, integridad, disponibilidad y resiliencia permanente de los sistemas y servicios de tratamiento.<\/p>\n<p>Algunas de estas medidas son:<\/p>\n<ul class=\"\">\n<li>\n<div class=\"cont\">\n<p>Informaci\u00f3n de las pol\u00edticas de tratamiento de datos al personal.<\/p>\n<\/div>\n<\/li>\n<li>\n<div class=\"cont\">\n<p>Realizaci\u00f3n de copias de seguridad peri\u00f3dicas.<\/p>\n<\/div>\n<\/li>\n<li>\n<div class=\"cont\">\n<p>Control de acceso a los datos.<\/p>\n<\/div>\n<\/li>\n<li>\n<div class=\"cont\">\n<p>Procesos de verificaci\u00f3n, evaluaci\u00f3n y valoraci\u00f3n regulares.<\/p>\n<\/div>\n<\/li>\n<\/ul>\n<p><span style=\"font-size: 14px;\">.<\/span><\/p>\n<p><!-- \/wp:paragraph --><\/p>\n<p>[\/et_pb_text][\/et_pb_column][\/et_pb_row][\/et_pb_section]<\/p>\n","protected":false},"excerpt":{"rendered":"<p>Pol\u00edtica de privacidad EL TITULAR se compromete a proteger la privacidad de los usuarios que accedan a esta web y\/o cualquiera de sus servicios. La utilizaci\u00f3n de la web y\/o de cualquiera de los servicios ofrecidos por EL TITULAR implica la aceptaci\u00f3n por el usuario de las disposiciones contenidas en la presente Pol\u00edtica de Privacidad [&hellip;]<\/p>\n","protected":false},"author":1,"featured_media":0,"parent":0,"menu_order":0,"comment_status":"closed","ping_status":"open","template":"","meta":{"_et_pb_use_builder":"on","_et_pb_old_content":"<!-- wp:heading --><h2>Who we are<\/h2><!-- \/wp:heading --><!-- wp:paragraph --><p><strong class=\"privacy-policy-tutorial\">Suggested text: <\/strong>Our website address is: https:\/\/grupohada.org.<\/p><!-- \/wp:paragraph --><!-- wp:heading --><h2>Comments<\/h2><!-- \/wp:heading --><!-- wp:paragraph --><p><strong class=\"privacy-policy-tutorial\">Suggested text: <\/strong>When visitors leave comments on the site we collect the data shown in the comments form, and also the visitor&#8217;s IP address and browser user agent string to help spam detection.<\/p><!-- \/wp:paragraph --><!-- wp:paragraph --><p>An anonymized string created from your email address (also called a hash) may be provided to the Gravatar service to see if you are using it. The Gravatar service privacy policy is available here: https:\/\/automattic.com\/privacy\/. After approval of your comment, your profile picture is visible to the public in the context of your comment.<\/p><!-- \/wp:paragraph --><!-- wp:heading --><h2>Media<\/h2><!-- \/wp:heading --><!-- wp:paragraph --><p><strong class=\"privacy-policy-tutorial\">Suggested text: <\/strong>If you upload images to the website, you should avoid uploading images with embedded location data (EXIF GPS) included. Visitors to the website can download and extract any location data from images on the website.<\/p><!-- \/wp:paragraph --><!-- wp:heading --><h2>Cookies<\/h2><!-- \/wp:heading --><!-- wp:paragraph --><p><strong class=\"privacy-policy-tutorial\">Suggested text: <\/strong>If you leave a comment on our site you may opt-in to saving your name, email address and website in cookies. These are for your convenience so that you do not have to fill in your details again when you leave another comment. These cookies will last for one year.<\/p><!-- \/wp:paragraph --><!-- wp:paragraph --><p>If you visit our login page, we will set a temporary cookie to determine if your browser accepts cookies. This cookie contains no personal data and is discarded when you close your browser.<\/p><!-- \/wp:paragraph --><!-- wp:paragraph --><p>When you log in, we will also set up several cookies to save your login information and your screen display choices. Login cookies last for two days, and screen options cookies last for a year. If you select &quot;Remember Me&quot;, your login will persist for two weeks. If you log out of your account, the login cookies will be removed.<\/p><!-- \/wp:paragraph --><!-- wp:paragraph --><p>If you edit or publish an article, an additional cookie will be saved in your browser. This cookie includes no personal data and simply indicates the post ID of the article you just edited. It expires after 1 day.<\/p><!-- \/wp:paragraph --><!-- wp:heading --><h2>Embedded content from other websites<\/h2><!-- \/wp:heading --><!-- wp:paragraph --><p><strong class=\"privacy-policy-tutorial\">Suggested text: <\/strong>Articles on this site may include embedded content (e.g. videos, images, articles, etc.). Embedded content from other websites behaves in the exact same way as if the visitor has visited the other website.<\/p><!-- \/wp:paragraph --><!-- wp:paragraph --><p>These websites may collect data about you, use cookies, embed additional third-party tracking, and monitor your interaction with that embedded content, including tracking your interaction with the embedded content if you have an account and are logged in to that website.<\/p><!-- \/wp:paragraph --><!-- wp:heading --><h2>Who we share your data with<\/h2><!-- \/wp:heading --><!-- wp:paragraph --><p><strong class=\"privacy-policy-tutorial\">Suggested text: <\/strong>If you request a password reset, your IP address will be included in the reset email.<\/p><!-- \/wp:paragraph --><!-- wp:heading --><h2>How long we retain your data<\/h2><!-- \/wp:heading --><!-- wp:paragraph --><p><strong class=\"privacy-policy-tutorial\">Suggested text: <\/strong>If you leave a comment, the comment and its metadata are retained indefinitely. This is so we can recognize and approve any follow-up comments automatically instead of holding them in a moderation queue.<\/p><!-- \/wp:paragraph --><!-- wp:paragraph --><p>For users that register on our website (if any), we also store the personal information they provide in their user profile. All users can see, edit, or delete their personal information at any time (except they cannot change their username). Website administrators can also see and edit that information.<\/p><!-- \/wp:paragraph --><!-- wp:heading --><h2>What rights you have over your data<\/h2><!-- \/wp:heading --><!-- wp:paragraph --><p><strong class=\"privacy-policy-tutorial\">Suggested text: <\/strong>If you have an account on this site, or have left comments, you can request to receive an exported file of the personal data we hold about you, including any data you have provided to us. You can also request that we erase any personal data we hold about you. This does not include any data we are obliged to keep for administrative, legal, or security purposes.<\/p><!-- \/wp:paragraph --><!-- wp:heading --><h2>Where we send your data<\/h2><!-- \/wp:heading --><!-- wp:paragraph --><p><strong class=\"privacy-policy-tutorial\">Suggested text: <\/strong>Visitor comments may be checked through an automated spam detection service.<\/p><!-- \/wp:paragraph -->","_et_gb_content_width":""},"_links":{"self":[{"href":"https:\/\/grupohada.org\/index.php?rest_route=\/wp\/v2\/pages\/3"}],"collection":[{"href":"https:\/\/grupohada.org\/index.php?rest_route=\/wp\/v2\/pages"}],"about":[{"href":"https:\/\/grupohada.org\/index.php?rest_route=\/wp\/v2\/types\/page"}],"author":[{"embeddable":true,"href":"https:\/\/grupohada.org\/index.php?rest_route=\/wp\/v2\/users\/1"}],"replies":[{"embeddable":true,"href":"https:\/\/grupohada.org\/index.php?rest_route=%2Fwp%2Fv2%2Fcomments&post=3"}],"version-history":[{"count":2,"href":"https:\/\/grupohada.org\/index.php?rest_route=\/wp\/v2\/pages\/3\/revisions"}],"predecessor-version":[{"id":479,"href":"https:\/\/grupohada.org\/index.php?rest_route=\/wp\/v2\/pages\/3\/revisions\/479"}],"wp:attachment":[{"href":"https:\/\/grupohada.org\/index.php?rest_route=%2Fwp%2Fv2%2Fmedia&parent=3"}],"curies":[{"name":"wp","href":"https:\/\/api.w.org\/{rel}","templated":true}]}}